{"id":109,"date":"2017-06-02T17:06:37","date_gmt":"2017-06-02T15:06:37","guid":{"rendered":"http:\/\/www.beo-bewegt.de\/?page_id=109"},"modified":"2017-06-24T13:05:59","modified_gmt":"2017-06-24T11:05:59","slug":"ueber-bgm","status":"publish","type":"page","link":"https:\/\/www.beo-bewegt.de\/bgm\/betr-gesundheitsmanagement\/ueber-bgm\/","title":{"rendered":"\u00dcber BGM"},"content":{"rendered":"<h4>Betriebliches Gesundheitsmanagement \u2013 das Instrument f\u00fcr gesunde Unternehmen<\/h4>\n<p style=\"text-align: justify;\">Betriebliches Gesundheitsmanagement (BGM) ist das systematische Strukturieren und Evaluieren einzelner gesundheitsf\u00f6rderlicher Ma\u00dfnahmen mit dem Ziel der Steigerung der Mitarbeitergesundheit bzw. -leistungsf\u00e4higkeit sowie der Fehlzeitenreduktion bzw. Fehlzeitensenkung.\u00a0In Unternehmen stellt BGM ein wichtiges Instrument f\u00fcr erfolgreiche Human Resources Strategien, eine starke Marktposition und letztlich f\u00fcr den produktiven und wirtschaftlichen Erfolg dar.<\/p>\n<ul style=\"list-style-type: circle;\">\n<li style=\"text-align: justify;\">Die Gr\u00fcnde daf\u00fcr liegen in unserer Gesellschaftsstruktur sowie in der rasanten Entwicklung eines hocheffizienten und anspruchsvollen, digital gepr\u00e4gten Arbeitsalltags &#8211; mit entsprechenden Auswirkungen.<\/li>\n<li style=\"text-align: justify;\">Ein etabliertes und t\u00e4glich gelebtes BGM tr\u00e4gt ma\u00dfgeblich zu einem zukunftsf\u00e4higen Human Resources Management bei und bietet effektiven Nutzen f\u00fcr Mitarbeiter wie Unternehmen. Wohlbefinden, erh\u00f6hte Produktivit\u00e4t und ein gutes Betriebsklima sind nur einige von vielen Effekten.<\/li>\n<li style=\"text-align: justify;\">Wenn Sie ein professionelles BGM sowie anerkannte Pr\u00e4ventionsma\u00dfnahmen in Ihrem Unternehmen einf\u00fchren, sehen der Gesetzgeber F\u00f6rderung und die Krankenkassen Zusch\u00fcsse vor.<\/li>\n<\/ul>\n<h3><\/h3>\n<p>&nbsp;<\/p>\n<h4>BGM als Teil der Unternehmensstrategie \u2013 Effekte und Nutzen<\/h4>\n<p>Die Effekte und der Nutzen eines wirksamen betrieblichen Gesundheitsmanagements \u2013 kurz BGM \u00ad\u2013 sind vielf\u00e4ltig. Das gilt sowohl f\u00fcr das Wohlbefinden der Mitarbeiter als auch f\u00fcr die Wirtschaftlichkeit des Betriebes. Erfolgreiches Gesundheitsmanagement verringert den Krankenstand ma\u00dfgeblich und steigert die Produktivit\u00e4t. Ihre Mitarbeiter sind weniger gestresst, fit, belastbar und motiviert.<\/p>\n<p><u>Mehr dazu:\u00a0<\/u><a href=\"http:\/\/www.beo-bewegt.de\/betr-gesundheitsmanagement\/ueber-bgm\/effekt-nutzen\">Effekt und Nutzen f\u00fcr Ihr Unternehmen<\/a><\/p>\n<p>&nbsp;<\/p>\n","protected":false},"excerpt":{"rendered":"<p>Betriebliches Gesundheitsmanagement \u2013 das Instrument f\u00fcr gesunde Unternehmen Betriebliches Gesundheitsmanagement (BGM) ist das systematische Strukturieren und Evaluieren einzelner gesundheitsf\u00f6rderlicher Ma\u00dfnahmen mit dem Ziel der Steigerung der Mitarbeitergesundheit bzw. -leistungsf\u00e4higkeit sowie der Fehlzeitenreduktion bzw. Fehlzeitensenkung.\u00a0In Unternehmen stellt BGM ein wichtiges Instrument f\u00fcr erfolgreiche Human Resources Strategien, eine starke Marktposition und letztlich f\u00fcr den produktiven und wirtschaftlichen [&hellip;]<\/p>\n","protected":false},"author":2,"featured_media":0,"parent":2,"menu_order":0,"comment_status":"closed","ping_status":"closed","template":"","meta":{"footnotes":""},"class_list":["post-109","page","type-page","status-publish","hentry"],"_links":{"self":[{"href":"https:\/\/www.beo-bewegt.de\/bgm\/wp-json\/wp\/v2\/pages\/109","targetHints":{"allow":["GET"]}}],"collection":[{"href":"https:\/\/www.beo-bewegt.de\/bgm\/wp-json\/wp\/v2\/pages"}],"about":[{"href":"https:\/\/www.beo-bewegt.de\/bgm\/wp-json\/wp\/v2\/types\/page"}],"author":[{"embeddable":true,"href":"https:\/\/www.beo-bewegt.de\/bgm\/wp-json\/wp\/v2\/users\/2"}],"replies":[{"embeddable":true,"href":"https:\/\/www.beo-bewegt.de\/bgm\/wp-json\/wp\/v2\/comments?post=109"}],"version-history":[{"count":14,"href":"https:\/\/www.beo-bewegt.de\/bgm\/wp-json\/wp\/v2\/pages\/109\/revisions"}],"predecessor-version":[{"id":337,"href":"https:\/\/www.beo-bewegt.de\/bgm\/wp-json\/wp\/v2\/pages\/109\/revisions\/337"}],"up":[{"embeddable":true,"href":"https:\/\/www.beo-bewegt.de\/bgm\/wp-json\/wp\/v2\/pages\/2"}],"wp:attachment":[{"href":"https:\/\/www.beo-bewegt.de\/bgm\/wp-json\/wp\/v2\/media?parent=109"}],"curies":[{"name":"wp","href":"https:\/\/api.w.org\/{rel}","templated":true}]}}