{"id":122,"date":"2017-06-02T17:19:54","date_gmt":"2017-06-02T15:19:54","guid":{"rendered":"http:\/\/www.beo-bewegt.de\/?page_id=122"},"modified":"2017-06-04T11:59:31","modified_gmt":"2017-06-04T09:59:31","slug":"firmenfitness-betriebssport","status":"publish","type":"page","link":"https:\/\/www.beo-bewegt.de\/bgm\/betriebliche-gesundheitsfoerderung\/firmenfitness-betriebssport\/","title":{"rendered":"Firmenfitness &#038; Betriebssport"},"content":{"rendered":"<h3>Ihr individuelles Firmenfitness Programm<\/h3>\n<p style=\"text-align: justify;\">Unsere Firmenfitness Kurse sind ganz unkompliziert in den Arbeitsalltag Ihres Unternehmens integrierbar. Wir richten die Intensit\u00e4t der Kurse, den zeitlichen Rahmen sowie die Kursorte ganz nach den individuellen W\u00fcnschen und\u00a0 Voraussetzungen Ihres Unternehmens. Die BEObewegt Fachleute im Bereich aktive Gesundheitsf\u00f6rderung, Firmenfitness &amp; Pr\u00e4vention sorgen bei Ihren Mitarbeitern f\u00fcr Leistungsf\u00e4higkeit, Motivation und Freude an Bewegung.<\/p>\n<h3>Muskeln und Kondition aufbauen, den R\u00fccken st\u00e4rken, entspannen<\/h3>\n<p style=\"text-align: justify;\">Unsere Firmenfitness Programme sind individuell auf die Bed\u00fcrfnisse und Gesundheitsbelastungen Ihrer Mitarbeiter zugeschnitten \u2013 ob es darum geht, Muskeln und Kondition aufzubauen, die Wirbels\u00e4ule und den R\u00fccken zu st\u00e4rken oder f\u00fcr effektive Stressbew\u00e4ltigung zu sorgen.<\/p>\n<p style=\"text-align: justify;\">Ein Gro\u00dfteil der Krankheitstage ist auf Erkrankungen des Muskel-Skelettsystems sowie psychische Belastungen zur\u00fcckzuf\u00fchren. Auch das Thema Stressmanagement &amp; Burnout Pr\u00e4vention ist ein zentraler Faktor in der erfolgreichen Gesundheitsf\u00f6rderung.<\/p>\n<h3>Firmenfitness &amp; Betriebssport in jeder Variante:<\/h3>\n<ul style=\"list-style-type: circle;\">\n<li style=\"text-align: justify;\">R\u00fcckenschule: Wie Mitarbeiter ihren R\u00fccken effektiv st\u00e4rken und sch\u00fctzen<\/li>\n<li style=\"text-align: justify;\">Faszientraining<\/li>\n<li style=\"text-align: justify;\">Hatha Yoga<\/li>\n<li style=\"text-align: justify;\">Functional Training<\/li>\n<li style=\"text-align: justify;\">Reaktiv Fitnesstraining<\/li>\n<li style=\"text-align: justify;\">Lauftreff: Regelm\u00e4\u00dfiges Lauftraining st\u00e4rkt das Herz-Kreis-Laufsystem enorm<\/li>\n<li style=\"text-align: justify;\">Nordic Walking: schont die Gelenke und ist ein guter Einstieg in die Firmenfitness<\/li>\n<\/ul>\n","protected":false},"excerpt":{"rendered":"<p>Ihr individuelles Firmenfitness Programm Unsere Firmenfitness Kurse sind ganz unkompliziert in den Arbeitsalltag Ihres Unternehmens integrierbar. Wir richten die Intensit\u00e4t der Kurse, den zeitlichen Rahmen sowie die Kursorte ganz nach den individuellen W\u00fcnschen und\u00a0 Voraussetzungen Ihres Unternehmens. Die BEObewegt Fachleute im Bereich aktive Gesundheitsf\u00f6rderung, Firmenfitness &amp; Pr\u00e4vention sorgen bei Ihren Mitarbeitern f\u00fcr Leistungsf\u00e4higkeit, Motivation und [&hellip;]<\/p>\n","protected":false},"author":2,"featured_media":0,"parent":38,"menu_order":0,"comment_status":"closed","ping_status":"closed","template":"","meta":{"footnotes":""},"class_list":["post-122","page","type-page","status-publish","hentry"],"_links":{"self":[{"href":"https:\/\/www.beo-bewegt.de\/bgm\/wp-json\/wp\/v2\/pages\/122","targetHints":{"allow":["GET"]}}],"collection":[{"href":"https:\/\/www.beo-bewegt.de\/bgm\/wp-json\/wp\/v2\/pages"}],"about":[{"href":"https:\/\/www.beo-bewegt.de\/bgm\/wp-json\/wp\/v2\/types\/page"}],"author":[{"embeddable":true,"href":"https:\/\/www.beo-bewegt.de\/bgm\/wp-json\/wp\/v2\/users\/2"}],"replies":[{"embeddable":true,"href":"https:\/\/www.beo-bewegt.de\/bgm\/wp-json\/wp\/v2\/comments?post=122"}],"version-history":[{"count":3,"href":"https:\/\/www.beo-bewegt.de\/bgm\/wp-json\/wp\/v2\/pages\/122\/revisions"}],"predecessor-version":[{"id":286,"href":"https:\/\/www.beo-bewegt.de\/bgm\/wp-json\/wp\/v2\/pages\/122\/revisions\/286"}],"up":[{"embeddable":true,"href":"https:\/\/www.beo-bewegt.de\/bgm\/wp-json\/wp\/v2\/pages\/38"}],"wp:attachment":[{"href":"https:\/\/www.beo-bewegt.de\/bgm\/wp-json\/wp\/v2\/media?parent=122"}],"curies":[{"name":"wp","href":"https:\/\/api.w.org\/{rel}","templated":true}]}}