{"id":124,"date":"2017-06-02T17:21:02","date_gmt":"2017-06-02T15:21:02","guid":{"rendered":"http:\/\/www.beo-bewegt.de\/?page_id=124"},"modified":"2017-06-04T12:04:36","modified_gmt":"2017-06-04T10:04:36","slug":"stressmanagement-burnout-praevention","status":"publish","type":"page","link":"https:\/\/www.beo-bewegt.de\/bgm\/betriebliche-gesundheitsfoerderung\/stressmanagement-burnout-praevention\/","title":{"rendered":"Stressmanagement &#038; Burnout Pr\u00e4vention"},"content":{"rendered":"<p style=\"text-align: justify;\">Das gezielte, auf die Belastungen Ihrer Mitarbeiter angepasste Stressmanagement ist in Ihrer Human Resources Strategie und Gesundheitsf\u00f6rderung ein entscheidender Faktor. Der heutige Arbeitsalltag fordert der Psyche und mentalen Fitness Ihrer Mitarbeiter einiges ab. So hat die Anzahl psychisch bedingter Krankschreibungen zugenommen.<\/p>\n<p style=\"text-align: justify;\">Unsere Kurse &amp; Coachings im Bereich Stressmanagement setzen ganzheitlich an, um die mentale und k\u00f6rperliche Gesundheit sowie Widerstandsf\u00e4higkeit (Resilienz) zu sch\u00fctzen und zu f\u00f6rdern.<\/p>\n","protected":false},"excerpt":{"rendered":"<p>Das gezielte, auf die Belastungen Ihrer Mitarbeiter angepasste Stressmanagement ist in Ihrer Human Resources Strategie und Gesundheitsf\u00f6rderung ein entscheidender Faktor. Der heutige Arbeitsalltag fordert der Psyche und mentalen Fitness Ihrer Mitarbeiter einiges ab. So hat die Anzahl psychisch bedingter Krankschreibungen zugenommen. Unsere Kurse &amp; Coachings im Bereich Stressmanagement setzen ganzheitlich an, um die mentale und [&hellip;]<\/p>\n","protected":false},"author":2,"featured_media":0,"parent":38,"menu_order":0,"comment_status":"closed","ping_status":"closed","template":"","meta":{"footnotes":""},"class_list":["post-124","page","type-page","status-publish","hentry"],"_links":{"self":[{"href":"https:\/\/www.beo-bewegt.de\/bgm\/wp-json\/wp\/v2\/pages\/124","targetHints":{"allow":["GET"]}}],"collection":[{"href":"https:\/\/www.beo-bewegt.de\/bgm\/wp-json\/wp\/v2\/pages"}],"about":[{"href":"https:\/\/www.beo-bewegt.de\/bgm\/wp-json\/wp\/v2\/types\/page"}],"author":[{"embeddable":true,"href":"https:\/\/www.beo-bewegt.de\/bgm\/wp-json\/wp\/v2\/users\/2"}],"replies":[{"embeddable":true,"href":"https:\/\/www.beo-bewegt.de\/bgm\/wp-json\/wp\/v2\/comments?post=124"}],"version-history":[{"count":1,"href":"https:\/\/www.beo-bewegt.de\/bgm\/wp-json\/wp\/v2\/pages\/124\/revisions"}],"predecessor-version":[{"id":125,"href":"https:\/\/www.beo-bewegt.de\/bgm\/wp-json\/wp\/v2\/pages\/124\/revisions\/125"}],"up":[{"embeddable":true,"href":"https:\/\/www.beo-bewegt.de\/bgm\/wp-json\/wp\/v2\/pages\/38"}],"wp:attachment":[{"href":"https:\/\/www.beo-bewegt.de\/bgm\/wp-json\/wp\/v2\/media?parent=124"}],"curies":[{"name":"wp","href":"https:\/\/api.w.org\/{rel}","templated":true}]}}