{"id":126,"date":"2017-06-02T17:22:51","date_gmt":"2017-06-02T15:22:51","guid":{"rendered":"http:\/\/www.beo-bewegt.de\/?page_id=126"},"modified":"2017-06-04T12:02:13","modified_gmt":"2017-06-04T10:02:13","slug":"mobile-massage-am-arbeitsplatz","status":"publish","type":"page","link":"https:\/\/www.beo-bewegt.de\/bgm\/betriebliche-gesundheitsfoerderung\/mobile-massage-am-arbeitsplatz\/","title":{"rendered":"Mobile Massage am Arbeitsplatz"},"content":{"rendered":"<h2><span style=\"font-size: 14pt;\">Tiefenentspannung dank Massage am Arbeitsplatz \u2013\u00a0schon 20 Minuten wirken Wunder<\/span><\/h2>\n<p style=\"text-align: justify;\">Unsere erfahrenen Kooperationspartner sorgen mit mobilen Massagen f\u00fcr kurze und dabei wirksame Tiefenentspannungsphasen sowie f\u00fcr physische Entlastung.<\/p>\n<p style=\"text-align: justify;\">Entspannung und innere Ruhe reduzieren die Stressbelastung und erh\u00f6hen die Leistungs- und Konzentrationsf\u00e4higkeit nachhaltig. Auch Nackenverspannungen oder R\u00fcckenschmerzen k\u00f6nnen wirksam behandelt werden. Das vegetative Nervensystem, das f\u00fcr die Vitalfunktionen wie Herzschlag, Atmung und Blutdruck zust\u00e4ndig ist, wird gest\u00e4rkt.<\/p>\n","protected":false},"excerpt":{"rendered":"<p>Tiefenentspannung dank Massage am Arbeitsplatz \u2013\u00a0schon 20 Minuten wirken Wunder Unsere erfahrenen Kooperationspartner sorgen mit mobilen Massagen f\u00fcr kurze und dabei wirksame Tiefenentspannungsphasen sowie f\u00fcr physische Entlastung. Entspannung und innere Ruhe reduzieren die Stressbelastung und erh\u00f6hen die Leistungs- und Konzentrationsf\u00e4higkeit nachhaltig. Auch Nackenverspannungen oder R\u00fcckenschmerzen k\u00f6nnen wirksam behandelt werden. Das vegetative Nervensystem, das f\u00fcr die [&hellip;]<\/p>\n","protected":false},"author":2,"featured_media":0,"parent":38,"menu_order":0,"comment_status":"closed","ping_status":"closed","template":"","meta":{"footnotes":""},"class_list":["post-126","page","type-page","status-publish","hentry"],"_links":{"self":[{"href":"https:\/\/www.beo-bewegt.de\/bgm\/wp-json\/wp\/v2\/pages\/126","targetHints":{"allow":["GET"]}}],"collection":[{"href":"https:\/\/www.beo-bewegt.de\/bgm\/wp-json\/wp\/v2\/pages"}],"about":[{"href":"https:\/\/www.beo-bewegt.de\/bgm\/wp-json\/wp\/v2\/types\/page"}],"author":[{"embeddable":true,"href":"https:\/\/www.beo-bewegt.de\/bgm\/wp-json\/wp\/v2\/users\/2"}],"replies":[{"embeddable":true,"href":"https:\/\/www.beo-bewegt.de\/bgm\/wp-json\/wp\/v2\/comments?post=126"}],"version-history":[{"count":3,"href":"https:\/\/www.beo-bewegt.de\/bgm\/wp-json\/wp\/v2\/pages\/126\/revisions"}],"predecessor-version":[{"id":289,"href":"https:\/\/www.beo-bewegt.de\/bgm\/wp-json\/wp\/v2\/pages\/126\/revisions\/289"}],"up":[{"embeddable":true,"href":"https:\/\/www.beo-bewegt.de\/bgm\/wp-json\/wp\/v2\/pages\/38"}],"wp:attachment":[{"href":"https:\/\/www.beo-bewegt.de\/bgm\/wp-json\/wp\/v2\/media?parent=126"}],"curies":[{"name":"wp","href":"https:\/\/api.w.org\/{rel}","templated":true}]}}