{"id":130,"date":"2017-06-02T17:25:21","date_gmt":"2017-06-02T15:25:21","guid":{"rendered":"http:\/\/www.beo-bewegt.de\/?page_id=130"},"modified":"2018-02-23T22:14:20","modified_gmt":"2018-02-23T21:14:20","slug":"ergonomie-am-arbeitsplatz","status":"publish","type":"page","link":"https:\/\/www.beo-bewegt.de\/bgm\/betriebliche-gesundheitsfoerderung\/ergonomie-am-arbeitsplatz\/","title":{"rendered":"Ergonomie am Arbeitsplatz"},"content":{"rendered":"<h2><span style=\"font-size: 14pt;\"><strong>Die Ergonomie-Beratung<\/strong><\/span><\/h2>\n<ul style=\"list-style-type: circle;\">\n<li style=\"text-align: justify;\">Hier geht es um die individuelle und ergonomisch optimale Ausrichtung des Arbeitsplatzes sowie die Platzierung der Arbeitsger\u00e4te.<\/li>\n<li style=\"text-align: justify;\">Entscheidend ist die richtige und damit schonende Winkelstellung der Gelenke w\u00e4hrend der Arbeit.<\/li>\n<li style=\"text-align: justify;\">Unsere Beratung zur Ergonomie am Arbeitsplatz sorgt f\u00fcr effektiven Schutz und Entlastung der Gelenke, der Wirbels\u00e4ule, der Nacken- und R\u00fcckenmuskulatur sowie weiterer K\u00f6rperbereiche.<\/li>\n<li style=\"text-align: justify;\">Gerne beraten wir Sie auch \u00fcber die optimale Einrichtung von Arbeitspl\u00e4tzen und bei der Auswahl ergonomischer Arbeitsm\u00f6bel.<\/li>\n<\/ul>\n<h2><\/h2>\n<h2><span style=\"font-size: 14pt;\"><strong>Das Ergonomie-Training<\/strong><\/span><\/h2>\n<p style=\"text-align: justify;\">Die Experten des BEO<em>bewegt<\/em> Teams trainieren mit Ihren Mitarbeitern rundum ergonomisches Bewegungsverhalten w\u00e4hrend der Arbeit.<\/p>\n<ul style=\"list-style-type: circle;\">\n<li style=\"text-align: justify;\">Zus\u00e4tzlich werden genau die Muskelgruppen gest\u00e4rkt, die f\u00fcr ergonomisches Arbeiten entscheidend sind.<\/li>\n<li style=\"text-align: justify;\">\u00dcbungen zum Ausgleich eint\u00f6niger Bewegungen werden trainiert und ihr Ablauf &#8222;automatisiert&#8220;.<\/li>\n<li style=\"text-align: justify;\">Individuell passende \u00dcbungen f\u00fcr jeden Mitarbeiter, um Haltungsschw\u00e4chen im Arbeitsalltag effektiv vorzubeugen.<\/li>\n<\/ul>\n","protected":false},"excerpt":{"rendered":"<p>Die Ergonomie-Beratung Hier geht es um die individuelle und ergonomisch optimale Ausrichtung des Arbeitsplatzes sowie die Platzierung der Arbeitsger\u00e4te. Entscheidend ist die richtige und damit schonende Winkelstellung der Gelenke w\u00e4hrend der Arbeit. Unsere Beratung zur Ergonomie am Arbeitsplatz sorgt f\u00fcr effektiven Schutz und Entlastung der Gelenke, der Wirbels\u00e4ule, der Nacken- und R\u00fcckenmuskulatur sowie weiterer K\u00f6rperbereiche. [&hellip;]<\/p>\n","protected":false},"author":2,"featured_media":0,"parent":38,"menu_order":0,"comment_status":"closed","ping_status":"closed","template":"","meta":{"footnotes":""},"class_list":["post-130","page","type-page","status-publish","hentry"],"_links":{"self":[{"href":"https:\/\/www.beo-bewegt.de\/bgm\/wp-json\/wp\/v2\/pages\/130","targetHints":{"allow":["GET"]}}],"collection":[{"href":"https:\/\/www.beo-bewegt.de\/bgm\/wp-json\/wp\/v2\/pages"}],"about":[{"href":"https:\/\/www.beo-bewegt.de\/bgm\/wp-json\/wp\/v2\/types\/page"}],"author":[{"embeddable":true,"href":"https:\/\/www.beo-bewegt.de\/bgm\/wp-json\/wp\/v2\/users\/2"}],"replies":[{"embeddable":true,"href":"https:\/\/www.beo-bewegt.de\/bgm\/wp-json\/wp\/v2\/comments?post=130"}],"version-history":[{"count":4,"href":"https:\/\/www.beo-bewegt.de\/bgm\/wp-json\/wp\/v2\/pages\/130\/revisions"}],"predecessor-version":[{"id":484,"href":"https:\/\/www.beo-bewegt.de\/bgm\/wp-json\/wp\/v2\/pages\/130\/revisions\/484"}],"up":[{"embeddable":true,"href":"https:\/\/www.beo-bewegt.de\/bgm\/wp-json\/wp\/v2\/pages\/38"}],"wp:attachment":[{"href":"https:\/\/www.beo-bewegt.de\/bgm\/wp-json\/wp\/v2\/media?parent=130"}],"curies":[{"name":"wp","href":"https:\/\/api.w.org\/{rel}","templated":true}]}}