{"id":139,"date":"2017-06-02T17:41:15","date_gmt":"2017-06-02T15:41:15","guid":{"rendered":"http:\/\/www.beo-bewegt.de\/?page_id=139"},"modified":"2021-12-15T11:14:44","modified_gmt":"2021-12-15T10:14:44","slug":"check-up","status":"publish","type":"page","link":"https:\/\/www.beo-bewegt.de\/bgm\/gesundheitstage-events\/check-up\/","title":{"rendered":"Check-Up"},"content":{"rendered":"<h2 style=\"text-align: justify;\"><span style=\"font-size: 14pt;\"><strong>R\u00fccken &amp; Muskulatur<\/strong><\/span><\/h2>\n<h3 style=\"text-align: justify;\"><span style=\"font-size: 12pt;\"><strong>Dr. Wolff BackCheck<\/strong><\/span><\/h3>\n<p style=\"text-align: justify;\">Der BackCheck von Dr. Wolff ist ein Messger\u00e4t zur Analyse der Maximalkraftf\u00e4higkeit unterschiedlicher Muskelgruppen. \u00a0Hiermit werden insbesondere Defizite bei der Bauch- und R\u00fcckenmuskulatur aufgezeigt, die oft schwerwiegende Folgen in Bezug auf die K\u00f6rperhaltung haben k\u00f6nnen. In wenigen Minuten ist die Messung durchgef\u00fchrt, und auf einem Analysebogen<\/p>\n<p style=\"text-align: justify;\">kann der Teilnehmer genau erkennen, welchen Teil sei\u00adner Muskulatur er durch gezieltes Training st\u00e4rken sollte, um seine Wirbels\u00e4ule k\u00fcnftig besser zu st\u00fctzen.<\/p>\n<h2 style=\"text-align: justify;\"><span style=\"font-size: 14pt;\"><strong>Herz-Kreislauf<\/strong><\/span><\/h2>\n<h3 style=\"text-align: justify;\"><span style=\"font-size: 12pt;\"><strong>Cardioscan<\/strong><\/span><\/h3>\n<p style=\"text-align: justify;\">Mit dem CardioScan werden der pers\u00f6nliche Stressfaktor so\u00adwie das Fitnesslevel des Teilnehmers analysiert. In nur zwei Minuten macht der CardioScan \u00fcber die Pulsfrequenz ein Herzscreening, das Aufschluss gibt \u00fcber Unregelm\u00e4\u00dfigkeiten in der Herz- und Kreislauf-Situation. Die pers\u00f6nliche Auswer\u00adtung zeigt Probleme und Gefahren auf. Der Teilnehmer erh\u00e4lt aber auch Empfehlungen, wie er sein Anti-Stress-Verhalten und seinen Fitnesslevel verbessern kann.<\/p>\n<h2><span style=\"font-size: 12pt;\">InBody K\u00f6rperzusammensetzungs-Analyse<\/span><\/h2>\n<p>Unsere\u00a0<strong>InBody K\u00f6rperanalyse (K\u00f6rperzusammensetzungsanalyse)<\/strong>\u00a0gibt Ihnen sehr detailliert Auskunft \u00fcber Ihre K\u00f6rperzusammensetzung und Ihren Fitnesszustand. Wir berechnen wie hoch der Anteil des\u00a0<strong>Fettgewebes<\/strong>, der\u00a0<strong>Muskulatur<\/strong>\u00a0und des\u00a0<strong>Wassers<\/strong> ist. Dar\u00fcber hinaus k\u00f6nnen wir auch unterscheiden, ob sich das Wasser im K\u00f6rper vor allem in den Zellen befindet oder im Gewebe. Nach jeder InBody-Messung wird ein ganzseitiger Befundbogen mit Muskel-, Fett- und Wasserwerten des Benutzers ausgedruckt. InBody 570 ermittelt Magermasse und Fettwerte f\u00fcr jedes Segment des K\u00f6rpers, was eine korrekte Beurteilung der K\u00f6rperzusammensetzung erm\u00f6glicht.<\/p>\n","protected":false},"excerpt":{"rendered":"<p>R\u00fccken &amp; Muskulatur Dr. Wolff BackCheck Der BackCheck von Dr. Wolff ist ein Messger\u00e4t zur Analyse der Maximalkraftf\u00e4higkeit unterschiedlicher Muskelgruppen. \u00a0Hiermit werden insbesondere Defizite bei der Bauch- und R\u00fcckenmuskulatur aufgezeigt, die oft schwerwiegende Folgen in Bezug auf die K\u00f6rperhaltung haben k\u00f6nnen. In wenigen Minuten ist die Messung durchgef\u00fchrt, und auf einem Analysebogen kann der Teilnehmer [&hellip;]<\/p>\n","protected":false},"author":2,"featured_media":0,"parent":41,"menu_order":0,"comment_status":"closed","ping_status":"closed","template":"","meta":{"footnotes":""},"class_list":["post-139","page","type-page","status-publish","hentry"],"_links":{"self":[{"href":"https:\/\/www.beo-bewegt.de\/bgm\/wp-json\/wp\/v2\/pages\/139","targetHints":{"allow":["GET"]}}],"collection":[{"href":"https:\/\/www.beo-bewegt.de\/bgm\/wp-json\/wp\/v2\/pages"}],"about":[{"href":"https:\/\/www.beo-bewegt.de\/bgm\/wp-json\/wp\/v2\/types\/page"}],"author":[{"embeddable":true,"href":"https:\/\/www.beo-bewegt.de\/bgm\/wp-json\/wp\/v2\/users\/2"}],"replies":[{"embeddable":true,"href":"https:\/\/www.beo-bewegt.de\/bgm\/wp-json\/wp\/v2\/comments?post=139"}],"version-history":[{"count":6,"href":"https:\/\/www.beo-bewegt.de\/bgm\/wp-json\/wp\/v2\/pages\/139\/revisions"}],"predecessor-version":[{"id":592,"href":"https:\/\/www.beo-bewegt.de\/bgm\/wp-json\/wp\/v2\/pages\/139\/revisions\/592"}],"up":[{"embeddable":true,"href":"https:\/\/www.beo-bewegt.de\/bgm\/wp-json\/wp\/v2\/pages\/41"}],"wp:attachment":[{"href":"https:\/\/www.beo-bewegt.de\/bgm\/wp-json\/wp\/v2\/media?parent=139"}],"curies":[{"name":"wp","href":"https:\/\/api.w.org\/{rel}","templated":true}]}}