{"id":56,"date":"2017-05-29T20:30:35","date_gmt":"2017-05-29T18:30:35","guid":{"rendered":"http:\/\/www.beo-bewegt.de\/?page_id=56"},"modified":"2017-06-24T13:22:25","modified_gmt":"2017-06-24T11:22:25","slug":"consulting-prozess","status":"publish","type":"page","link":"https:\/\/www.beo-bewegt.de\/bgm\/betr-gesundheitsmanagement\/consulting-prozess\/","title":{"rendered":"Consulting Prozess"},"content":{"rendered":"<h3>Strategische BGM Implementierung &#8211; Der sechs Phasen Prozess<\/h3>\n<p style=\"text-align: justify;\">Die komplette Gestaltung des BGM und die angebotenen Ma\u00dfnahmen m\u00fcssen sich am Bedarf des Unternehmens orientieren. Der Bedarf zur Durchf\u00fchrung eines BGM wird vom Unternehmen selbst definiert. Die entscheidende Frage lautet: Was verspricht man sich von einem BGM, was soll erreicht werden?<\/p>\n<p style=\"text-align: justify;\">Ziele k\u00f6nnen die Reduzierung des Kranken- standes, die Erh\u00f6hung der Leistungsf\u00e4higkeit und Produktivit\u00e4t, die Steigerung der Zufriedenheit und des Engagements oder das Finden von L\u00f6sungen aufgrund der Heraus- forderungen durch die demografische Entwicklung sein. Neben diesen prim\u00e4ren Themen sind aber auch zunehmend L\u00f6sungen zur Vereinbarkeit von Familie und Beruf gefragt oder Ma\u00dfnahmen, die die Attraktivit\u00e4t eines Unternehmens nach au\u00dfen erh\u00f6hen, so dass dadurch Wettbewerbsvorteile im Kampf um Fach- und F\u00fchrungskr\u00e4fte entstehen. Neben den Zielen muss auch die Zielgruppe und ein Zeitfenster definiert werden, innerhalb dessen erste Ergebnisse erwartet werden k\u00f6nnen.<\/p>\n<h5>Konzepte eines langfristig erfolgreichen betrieblichen Gesundheitsmanagements m\u00fcssen folgende Punkte aufweisen:<img fetchpriority=\"high\" decoding=\"async\" class=\"size-full wp-image-97 alignnone\" src=\"http:\/\/www.beo-bewegt.de\/wp-content\/uploads\/2017\/05\/Strategische-BGM-Implementierung.png\" alt=\"\" width=\"650\" height=\"650\" srcset=\"https:\/\/www.beo-bewegt.de\/bgm\/wp-content\/uploads\/2017\/05\/Strategische-BGM-Implementierung.png 650w, https:\/\/www.beo-bewegt.de\/bgm\/wp-content\/uploads\/2017\/05\/Strategische-BGM-Implementierung-150x150.png 150w, https:\/\/www.beo-bewegt.de\/bgm\/wp-content\/uploads\/2017\/05\/Strategische-BGM-Implementierung-300x300.png 300w\" sizes=\"(max-width: 650px) 100vw, 650px\" \/><\/h5>\n<h5><\/h5>\n<h5><\/h5>\n<h5><\/h5>\n<h5><\/h5>\n<h5><\/h5>\n<h5><\/h5>\n<h5><\/h5>\n<h5><\/h5>\n<h5><\/h5>\n<h5><\/h5>\n<h5><\/h5>\n<h5><\/h5>\n<h5><\/h5>\n<h5><\/h5>\n<h5><\/h5>\n<h5><\/h5>\n<p style=\"text-align: left;\"><strong>Unsere Programme passen wir genau auf Ihre Bed\u00fcrfnisse an \u2013 ein Konzept, das sich bew\u00e4hrt.<\/strong><\/p>\n<p style=\"text-align: left;\">Die Betreuung unserer Kunden beruht auf einem ganzheitlichen Ansatz und ist auf die Bausteine\u00a0Bewegung, Ern\u00e4hrung und psychische Gesundheit ausgerichtet:<\/p>\n<table style=\"height: 42px; width: 711.328125px;\">\n<tbody>\n<tr>\n<td style=\"width: 206px;\"><strong>BEWEGUNG<\/strong><\/td>\n<td style=\"width: 237px;\"><strong>ERN\u00c4HRUNG<\/strong><\/td>\n<td style=\"width: 252.328125px;\"><strong>PSYCHISCHE GESUNDHEIT<\/strong><\/td>\n<\/tr>\n<tr>\n<td style=\"width: 206px;\">\n<ul style=\"list-style-type: circle;\">\n<li>Kursprogramm<\/li>\n<li>Training\/Diagnostik<\/li>\n<li>Vortr\u00e4ge<\/li>\n<li>Workshops\/Seminare<\/li>\n<\/ul>\n<\/td>\n<td style=\"width: 237px;\">\n<ul style=\"list-style-type: circle;\">\n<li>Vortr\u00e4ge<\/li>\n<li>Workshops\/Seminare<\/li>\n<li>Veranstaltungen\/Aktionen<\/li>\n<li>Ern\u00e4hrungsberatung<\/li>\n<\/ul>\n<\/td>\n<td style=\"width: 252.328125px;\">\n<ul style=\"list-style-type: circle;\">\n<li>Kurse<\/li>\n<li>Vortr\u00e4ge<\/li>\n<li>Coaching<\/li>\n<li>Seminare<\/li>\n<\/ul>\n<\/td>\n<\/tr>\n<\/tbody>\n<\/table>\n<p>&nbsp;<\/p>\n<p style=\"text-align: justify;\">Ma\u00dfnahmen der Prim\u00e4rpr\u00e4vention aus den Bereichen Herzkreislauf, Muskel-Skelett-System, Ern\u00e4hrung und Stress werden als f\u00f6rderungsf\u00e4hige Leistungen von den Krankenkassen subventioniert. Grundlage der Bezuschussung bildet \u00a7 20 Sozialgesetzbuch V.<\/p>\n<p>&nbsp;<\/p>\n","protected":false},"excerpt":{"rendered":"<p>Strategische BGM Implementierung &#8211; Der sechs Phasen Prozess Die komplette Gestaltung des BGM und die angebotenen Ma\u00dfnahmen m\u00fcssen sich am Bedarf des Unternehmens orientieren. Der Bedarf zur Durchf\u00fchrung eines BGM wird vom Unternehmen selbst definiert. Die entscheidende Frage lautet: Was verspricht man sich von einem BGM, was soll erreicht werden? Ziele k\u00f6nnen die Reduzierung des [&hellip;]<\/p>\n","protected":false},"author":1,"featured_media":0,"parent":2,"menu_order":0,"comment_status":"closed","ping_status":"closed","template":"","meta":{"footnotes":""},"class_list":["post-56","page","type-page","status-publish","hentry"],"_links":{"self":[{"href":"https:\/\/www.beo-bewegt.de\/bgm\/wp-json\/wp\/v2\/pages\/56","targetHints":{"allow":["GET"]}}],"collection":[{"href":"https:\/\/www.beo-bewegt.de\/bgm\/wp-json\/wp\/v2\/pages"}],"about":[{"href":"https:\/\/www.beo-bewegt.de\/bgm\/wp-json\/wp\/v2\/types\/page"}],"author":[{"embeddable":true,"href":"https:\/\/www.beo-bewegt.de\/bgm\/wp-json\/wp\/v2\/users\/1"}],"replies":[{"embeddable":true,"href":"https:\/\/www.beo-bewegt.de\/bgm\/wp-json\/wp\/v2\/comments?post=56"}],"version-history":[{"count":24,"href":"https:\/\/www.beo-bewegt.de\/bgm\/wp-json\/wp\/v2\/pages\/56\/revisions"}],"predecessor-version":[{"id":538,"href":"https:\/\/www.beo-bewegt.de\/bgm\/wp-json\/wp\/v2\/pages\/56\/revisions\/538"}],"up":[{"embeddable":true,"href":"https:\/\/www.beo-bewegt.de\/bgm\/wp-json\/wp\/v2\/pages\/2"}],"wp:attachment":[{"href":"https:\/\/www.beo-bewegt.de\/bgm\/wp-json\/wp\/v2\/media?parent=56"}],"curies":[{"name":"wp","href":"https:\/\/api.w.org\/{rel}","templated":true}]}}